{"id":747,"date":"2021-10-29T11:12:37","date_gmt":"2021-10-29T11:12:37","guid":{"rendered":"http:\/\/swedishseaplane.se\/en\/?page_id=747"},"modified":"2023-02-15T13:56:25","modified_gmt":"2023-02-15T12:56:25","slug":"flight-schools","status":"publish","type":"page","link":"https:\/\/swedishseaplane.se\/en\/flight-schools\/","title":{"rendered":"FLIGHT SCHOOLS"},"content":{"rendered":"\t\t<div data-elementor-type=\"wp-page\" data-elementor-id=\"747\" class=\"elementor elementor-747\" data-elementor-settings=\"[]\">\n\t\t\t\t\t\t\t<div class=\"elementor-section-wrap\">\n\t\t\t\t\t\t\t<section class=\"elementor-section elementor-top-section elementor-element elementor-element-a44d88d elementor-section-boxed elementor-section-height-default elementor-section-height-default\" data-id=\"a44d88d\" data-element_type=\"section\">\n\t\t\t\t\t\t<div class=\"elementor-container elementor-column-gap-default\">\n\t\t\t\t\t<div class=\"elementor-column elementor-col-100 elementor-top-column elementor-element elementor-element-9486f8c\" data-id=\"9486f8c\" data-element_type=\"column\">\n\t\t\t<div class=\"elementor-widget-wrap elementor-element-populated\">\n\t\t\t\t\t\t\t\t<div class=\"elementor-element elementor-element-acfd4b3 elementor-widget elementor-widget-text-editor\" data-id=\"acfd4b3\" data-element_type=\"widget\" data-widget_type=\"text-editor.default\">\n\t\t\t\t<div class=\"elementor-widget-container\">\n\t\t\t\t\t\t\t<div class=\"entry-header\"><h2>Flight Schools (Single Engine Sea)<\/h2><\/div><div><p><strong>PA Flyg AB<\/strong><br \/>Hulje S\u00f6derg\u00e5rd 1, 341 52 Lagan<br \/>Tel: +46 70-537 60 30<\/p><p><strong>Lule\u00e5-Boden Flygklubb<\/strong><br \/>Lule\u00e5<br \/>www.lbfk.com<br \/><span id=\"cloak4015c8eb881ee21bb3355f7660690029\"><a href=\"mailto:skolning@lbfk.com\">skolning@lbfk.com<\/a><\/span><\/p><p><strong>T\u00e4by Sj\u00f6flygklubb<\/strong><br \/>Pontongr\u00e4nd 9, 183 62 T\u00e4by<br \/>www.tsk.nu<br \/><span id=\"cloak4015c8eb881ee21bb3355f7660690029\"><a href=\"mailto:kontakt@tsk.nu\">kontakt@tsk.nu<\/a><\/span><\/p><p><strong>\u00d6stra S\u00f6rmlands Flygklubb<\/strong><br \/>Gnesta<br \/>www.osfk.se<br \/><span id=\"cloakbf1732a5ce6d59a9fec8b98da2f6f78b\"><a href=\"mailto:info@osfk.se\">info@osfk.se<\/a><\/span><\/p><p><strong>Lapplands flygs\u00e4llskap<\/strong><br \/>Byv\u00e4gen 25, 920 73 Gargn\u00e4s<br \/>Ulf Lewander +46 70-520 46 00<\/p><p><strong>\u00a0<\/strong><\/p><\/div>\t\t\t\t\t\t<\/div>\n\t\t\t\t<\/div>\n\t\t\t\t\t<\/div>\n\t\t<\/div>\n\t\t\t\t\t\t\t<\/div>\n\t\t<\/section>\n\t\t\t\t\t\t<\/div>\n\t\t\t\t\t<\/div>\n\t\t","protected":false},"excerpt":{"rendered":"<p>Flight Schools (Single Engine Sea) PA Flyg ABHulje S\u00f6derg\u00e5rd 1, 341 52 LaganTel: +46 70-537 60 30 Lule\u00e5-Boden FlygklubbLule\u00e5www.lbfk.comskolning@lbfk.com T\u00e4by Sj\u00f6flygklubbPontongr\u00e4nd 9, 183 62 T\u00e4bywww.tsk.nukontakt@tsk.nu \u00d6stra S\u00f6rmlands FlygklubbGnestawww.osfk.seinfo@osfk.se Lapplands flygs\u00e4llskapByv\u00e4gen 25, 920 73 Gargn\u00e4sUlf Lewander +46 70-520 46 00 \u00a0<\/p>\n","protected":false},"author":1,"featured_media":252,"parent":0,"menu_order":0,"comment_status":"closed","ping_status":"closed","template":"","meta":[],"_links":{"self":[{"href":"https:\/\/swedishseaplane.se\/en\/wp-json\/wp\/v2\/pages\/747"}],"collection":[{"href":"https:\/\/swedishseaplane.se\/en\/wp-json\/wp\/v2\/pages"}],"about":[{"href":"https:\/\/swedishseaplane.se\/en\/wp-json\/wp\/v2\/types\/page"}],"author":[{"embeddable":true,"href":"https:\/\/swedishseaplane.se\/en\/wp-json\/wp\/v2\/users\/1"}],"replies":[{"embeddable":true,"href":"https:\/\/swedishseaplane.se\/en\/wp-json\/wp\/v2\/comments?post=747"}],"version-history":[{"count":16,"href":"https:\/\/swedishseaplane.se\/en\/wp-json\/wp\/v2\/pages\/747\/revisions"}],"predecessor-version":[{"id":910,"href":"https:\/\/swedishseaplane.se\/en\/wp-json\/wp\/v2\/pages\/747\/revisions\/910"}],"wp:featuredmedia":[{"embeddable":true,"href":"https:\/\/swedishseaplane.se\/en\/wp-json\/wp\/v2\/media\/252"}],"wp:attachment":[{"href":"https:\/\/swedishseaplane.se\/en\/wp-json\/wp\/v2\/media?parent=747"}],"curies":[{"name":"wp","href":"https:\/\/api.w.org\/{rel}","templated":true}]}}